{"id":57,"date":"2023-08-29T09:36:06","date_gmt":"2023-08-29T09:36:06","guid":{"rendered":"https:\/\/obp.cat\/wordpress\/?page_id=57"},"modified":"2023-12-20T17:36:46","modified_gmt":"2023-12-20T17:36:46","slug":"arxiu","status":"publish","type":"page","link":"https:\/\/obp.cat\/index.php\/arxiu\/","title":{"rendered":"Arxiu"},"content":{"rendered":"<p>Amb m\u00e9s de 70 anys d&#8217;hist\u00f2ria, la nostra Instituci\u00f3 ha anat formant un extens arxiu fruit de l&#8217;extens bagatge en els diferents camps d&#8217;acci\u00f3 cultural. Avui aquest material es divideix en 3 parts diferenciades: l&#8217;Arxiu Musical de danses i sardanes, l&#8217;Arxiu de coreogr\u00e0fic o de danses i l&#8217;Arxiu hist\u00f2ric de l&#8217;entitat.<\/p>\n<p><img loading=\"lazy\" decoding=\"async\" class=\"aligncenter wp-image-95 size-full\" src=\"https:\/\/obp.cat\/wordpress\/wp-content\/uploads\/2023\/12\/arxiu.jpg\" alt=\"\" width=\"747\" height=\"559\" srcset=\"https:\/\/obp.cat\/wp-content\/uploads\/2023\/12\/arxiu.jpg 747w, https:\/\/obp.cat\/wp-content\/uploads\/2023\/12\/arxiu-300x224.jpg 300w, https:\/\/obp.cat\/wp-content\/uploads\/2023\/12\/arxiu-401x300.jpg 401w\" sizes=\"auto, (max-width: 747px) 100vw, 747px\" \/><\/p>\n","protected":false},"excerpt":{"rendered":"<p>Amb m\u00e9s de 70 anys d&#8217;hist\u00f2ria, la nostra Instituci\u00f3 ha anat formant un extens arxiu fruit de l&#8217;extens bagatge en els diferents camps d&#8217;acci\u00f3 cultural. Avui aquest material es divideix en 3 parts diferenciades: l&#8217;Arxiu Musical de danses i sardanes, l&#8217;Arxiu de coreogr\u00e0fic o de danses i l&#8217;Arxiu hist\u00f2ric de l&#8217;entitat.<\/p>\n","protected":false},"author":1,"featured_media":0,"parent":0,"menu_order":0,"comment_status":"closed","ping_status":"closed","template":"","meta":{"footnotes":""},"class_list":["post-57","page","type-page","status-publish","hentry","post-preview"],"_links":{"self":[{"href":"https:\/\/obp.cat\/index.php\/wp-json\/wp\/v2\/pages\/57","targetHints":{"allow":["GET"]}}],"collection":[{"href":"https:\/\/obp.cat\/index.php\/wp-json\/wp\/v2\/pages"}],"about":[{"href":"https:\/\/obp.cat\/index.php\/wp-json\/wp\/v2\/types\/page"}],"author":[{"embeddable":true,"href":"https:\/\/obp.cat\/index.php\/wp-json\/wp\/v2\/users\/1"}],"replies":[{"embeddable":true,"href":"https:\/\/obp.cat\/index.php\/wp-json\/wp\/v2\/comments?post=57"}],"version-history":[{"count":5,"href":"https:\/\/obp.cat\/index.php\/wp-json\/wp\/v2\/pages\/57\/revisions"}],"predecessor-version":[{"id":105,"href":"https:\/\/obp.cat\/index.php\/wp-json\/wp\/v2\/pages\/57\/revisions\/105"}],"wp:attachment":[{"href":"https:\/\/obp.cat\/index.php\/wp-json\/wp\/v2\/media?parent=57"}],"curies":[{"name":"wp","href":"https:\/\/api.w.org\/{rel}","templated":true}]}}