{"id":54,"date":"2023-08-29T09:35:16","date_gmt":"2023-08-29T09:35:16","guid":{"rendered":"https:\/\/obp.cat\/wordpress\/?page_id=54"},"modified":"2023-12-20T17:37:11","modified_gmt":"2023-12-20T17:37:11","slug":"arxiu-de-danses","status":"publish","type":"page","link":"https:\/\/obp.cat\/index.php\/arxiu-de-danses\/","title":{"rendered":"Arxiu coreogr\u00e0fic de danses"},"content":{"rendered":"<p>Amb m\u00e9s de 70 anys d&#8217;hist\u00f2ria, la nostra instituci\u00f3 ha aplegat un extens arxiu coreogr\u00e0fic amb la voluntat no nom\u00e9s de conserva les composicions sin\u00f3 les coreografies de les diferents danses i balls tradicionals de la nostra coreografia. Per aquest motiu, disposem d&#8217;una extensa compilaci\u00f3 instructiva de com es ballen aquestes danses per tots aquells grups que les vulguin dur a terme. Cal contactar amb la secretaria de l&#8217;Obra i sol\u00b7licitar aquella coreografia que es cerca.<\/p>\n<p><img loading=\"lazy\" decoding=\"async\" class=\"aligncenter wp-image-79 size-full\" src=\"https:\/\/obp.cat\/wordpress\/wp-content\/uploads\/2023\/12\/348427942_1174804896522258_5501300797587623618_n.jpg\" alt=\"\" width=\"2048\" height=\"1536\" srcset=\"https:\/\/obp.cat\/wp-content\/uploads\/2023\/12\/348427942_1174804896522258_5501300797587623618_n.jpg 2048w, https:\/\/obp.cat\/wp-content\/uploads\/2023\/12\/348427942_1174804896522258_5501300797587623618_n-300x225.jpg 300w, https:\/\/obp.cat\/wp-content\/uploads\/2023\/12\/348427942_1174804896522258_5501300797587623618_n-1024x768.jpg 1024w, https:\/\/obp.cat\/wp-content\/uploads\/2023\/12\/348427942_1174804896522258_5501300797587623618_n-768x576.jpg 768w, https:\/\/obp.cat\/wp-content\/uploads\/2023\/12\/348427942_1174804896522258_5501300797587623618_n-1536x1152.jpg 1536w, https:\/\/obp.cat\/wp-content\/uploads\/2023\/12\/348427942_1174804896522258_5501300797587623618_n-400x300.jpg 400w\" sizes=\"auto, (max-width: 2048px) 100vw, 2048px\" \/><\/p>\n","protected":false},"excerpt":{"rendered":"<p>Amb m\u00e9s de 70 anys d&#8217;hist\u00f2ria, la nostra instituci\u00f3 ha aplegat un extens arxiu coreogr\u00e0fic amb la voluntat no nom\u00e9s de conserva les composicions sin\u00f3 les coreografies de les diferents danses i balls tradicionals de la nostra coreografia. Per aquest motiu, disposem d&#8217;una extensa compilaci\u00f3 instructiva de com es ballen aquestes danses per tots aquells [&hellip;]<\/p>\n","protected":false},"author":1,"featured_media":0,"parent":0,"menu_order":0,"comment_status":"closed","ping_status":"closed","template":"","meta":{"footnotes":""},"class_list":["post-54","page","type-page","status-publish","hentry","post-preview"],"_links":{"self":[{"href":"https:\/\/obp.cat\/index.php\/wp-json\/wp\/v2\/pages\/54","targetHints":{"allow":["GET"]}}],"collection":[{"href":"https:\/\/obp.cat\/index.php\/wp-json\/wp\/v2\/pages"}],"about":[{"href":"https:\/\/obp.cat\/index.php\/wp-json\/wp\/v2\/types\/page"}],"author":[{"embeddable":true,"href":"https:\/\/obp.cat\/index.php\/wp-json\/wp\/v2\/users\/1"}],"replies":[{"embeddable":true,"href":"https:\/\/obp.cat\/index.php\/wp-json\/wp\/v2\/comments?post=54"}],"version-history":[{"count":6,"href":"https:\/\/obp.cat\/index.php\/wp-json\/wp\/v2\/pages\/54\/revisions"}],"predecessor-version":[{"id":107,"href":"https:\/\/obp.cat\/index.php\/wp-json\/wp\/v2\/pages\/54\/revisions\/107"}],"wp:attachment":[{"href":"https:\/\/obp.cat\/index.php\/wp-json\/wp\/v2\/media?parent=54"}],"curies":[{"name":"wp","href":"https:\/\/api.w.org\/{rel}","templated":true}]}}