{"id":32,"date":"2023-08-29T09:29:59","date_gmt":"2023-08-29T09:29:59","guid":{"rendered":"https:\/\/obp.cat\/wordpress\/?page_id=32"},"modified":"2024-04-12T09:12:20","modified_gmt":"2024-04-12T09:12:20","slug":"historia","status":"publish","type":"page","link":"https:\/\/obp.cat\/index.php\/historia\/","title":{"rendered":"Hist\u00f2ria"},"content":{"rendered":"<p>La nostra hist\u00f2ria, que comen\u00e7a formalment l&#8217;any 1950, est\u00e0 ben documentada en aquests dos llibres: \u2018Aproximaci\u00f3 hist\u00f2rica a l\u2019Obra del Ballet Popular\u2018 de Ricard Jov\u00e9 i Hortoneda i \u2018L\u2019Obra del Ballet Popular\u2018 de Jordi Puerto. Durant tota la seva hist\u00f2ria, l\u2019Obra del Ballet Popular ha compilat un ampli arxiu de particel\u00b7les de sardanes i danses tradicionals que s\u00f3n un petit tresor a disposici\u00f3 d\u2019aquelles persones, entitats i cobles interessades en la recerca de la nostra m\u00fasica. L\u2019arxiu sardanista est\u00e0 dipositat a l\u2019entitat M\u00fasics per la cobla, de Sabadell, mentre que l\u2019arxiu musical de danses est\u00e0 a la Casa de la Sardana, seu institucional de l\u2019OBP.<\/p>\n<p>L&#8217;any 2025, la nostra Instituci\u00f3 celebrar\u00e0 el 75\u00e8 aniversari de la seva fundaci\u00f3 amb un reguitzell d&#8217;actes coordinats per la comiss\u00e0ria de l&#8217;aniversari, Judith Peiron Mateo.<\/p>\n<p><img loading=\"lazy\" decoding=\"async\" class=\"wp-image-164 size-large aligncenter\" src=\"https:\/\/obp.cat\/wp-content\/uploads\/2024\/04\/LLIBRES-1024x768.jpg\" alt=\"\" width=\"676\" height=\"507\" srcset=\"https:\/\/obp.cat\/wp-content\/uploads\/2024\/04\/LLIBRES-1024x768.jpg 1024w, https:\/\/obp.cat\/wp-content\/uploads\/2024\/04\/LLIBRES-300x225.jpg 300w, https:\/\/obp.cat\/wp-content\/uploads\/2024\/04\/LLIBRES-768x576.jpg 768w, https:\/\/obp.cat\/wp-content\/uploads\/2024\/04\/LLIBRES-1536x1152.jpg 1536w, https:\/\/obp.cat\/wp-content\/uploads\/2024\/04\/LLIBRES-676x507.jpg 676w, https:\/\/obp.cat\/wp-content\/uploads\/2024\/04\/LLIBRES.jpg 2048w\" sizes=\"auto, (max-width: 676px) 100vw, 676px\" \/><\/p>\n","protected":false},"excerpt":{"rendered":"<p>La nostra hist\u00f2ria, que comen\u00e7a formalment l&#8217;any 1950, est\u00e0 ben documentada en aquests dos llibres: \u2018Aproximaci\u00f3 hist\u00f2rica a l\u2019Obra del Ballet Popular\u2018 de Ricard Jov\u00e9 i Hortoneda i \u2018L\u2019Obra del Ballet Popular\u2018 de Jordi Puerto. Durant tota la seva hist\u00f2ria, l\u2019Obra del Ballet Popular ha compilat un ampli arxiu de particel\u00b7les de sardanes i danses [&hellip;]<\/p>\n","protected":false},"author":1,"featured_media":0,"parent":0,"menu_order":0,"comment_status":"closed","ping_status":"closed","template":"","meta":{"footnotes":""},"class_list":["post-32","page","type-page","status-publish","hentry","post-preview"],"_links":{"self":[{"href":"https:\/\/obp.cat\/index.php\/wp-json\/wp\/v2\/pages\/32","targetHints":{"allow":["GET"]}}],"collection":[{"href":"https:\/\/obp.cat\/index.php\/wp-json\/wp\/v2\/pages"}],"about":[{"href":"https:\/\/obp.cat\/index.php\/wp-json\/wp\/v2\/types\/page"}],"author":[{"embeddable":true,"href":"https:\/\/obp.cat\/index.php\/wp-json\/wp\/v2\/users\/1"}],"replies":[{"embeddable":true,"href":"https:\/\/obp.cat\/index.php\/wp-json\/wp\/v2\/comments?post=32"}],"version-history":[{"count":5,"href":"https:\/\/obp.cat\/index.php\/wp-json\/wp\/v2\/pages\/32\/revisions"}],"predecessor-version":[{"id":167,"href":"https:\/\/obp.cat\/index.php\/wp-json\/wp\/v2\/pages\/32\/revisions\/167"}],"wp:attachment":[{"href":"https:\/\/obp.cat\/index.php\/wp-json\/wp\/v2\/media?parent=32"}],"curies":[{"name":"wp","href":"https:\/\/api.w.org\/{rel}","templated":true}]}}