{"id":29,"date":"2023-08-29T09:29:49","date_gmt":"2023-08-29T09:29:49","guid":{"rendered":"https:\/\/obp.cat\/wordpress\/?page_id=29"},"modified":"2024-04-12T08:29:05","modified_gmt":"2024-04-12T08:29:05","slug":"contacte","status":"publish","type":"page","link":"https:\/\/obp.cat\/index.php\/contacte\/","title":{"rendered":"Contacte"},"content":{"rendered":"<p>L&#8217;Obra del Ballet Popular t\u00e9 la seva seu institucional a la Casa de la Sardana de Barcelona, situada al carrer Pou de la Figuera, 15, a Ciutat Vella. En aquest espai us atendrem de dilluns a divendres en horari de mat\u00ed i tarda.<\/p>\n<ul>\n<li><strong>Tel\u00e8fon: 93 319 76 37 (extensi\u00f3 1)<\/strong><\/li>\n<li><strong>Correu: obradelballetpopular@gmail.com<\/strong><\/li>\n<li><strong>Facebook: <a href=\"https:\/\/www.facebook.com\/ObradelBalletPopular\">Obra del Ballet Popular<\/a><\/strong><\/li>\n<li><strong>Instagram: <a href=\"https:\/\/www.instagram.com\/obraballetpopular\/\">@Obralletpopular<\/a><\/strong><\/li>\n<\/ul>\n<p><img loading=\"lazy\" decoding=\"async\" class=\"aligncenter wp-image-74 size-full\" src=\"https:\/\/obp.cat\/wordpress\/wp-content\/uploads\/2023\/12\/309166974_463999549103672_3853664846292736347_n.png\" alt=\"\" width=\"820\" height=\"312\" srcset=\"https:\/\/obp.cat\/wp-content\/uploads\/2023\/12\/309166974_463999549103672_3853664846292736347_n.png 820w, https:\/\/obp.cat\/wp-content\/uploads\/2023\/12\/309166974_463999549103672_3853664846292736347_n-300x114.png 300w, https:\/\/obp.cat\/wp-content\/uploads\/2023\/12\/309166974_463999549103672_3853664846292736347_n-768x292.png 768w, https:\/\/obp.cat\/wp-content\/uploads\/2023\/12\/309166974_463999549103672_3853664846292736347_n-500x190.png 500w\" sizes=\"auto, (max-width: 820px) 100vw, 820px\" \/><\/p>\n","protected":false},"excerpt":{"rendered":"<p>L&#8217;Obra del Ballet Popular t\u00e9 la seva seu institucional a la Casa de la Sardana de Barcelona, situada al carrer Pou de la Figuera, 15, a Ciutat Vella. En aquest espai us atendrem de dilluns a divendres en horari de mat\u00ed i tarda. Tel\u00e8fon: 93 319 76 37 (extensi\u00f3 1) Correu: obradelballetpopular@gmail.com Facebook: Obra del [&hellip;]<\/p>\n","protected":false},"author":1,"featured_media":0,"parent":0,"menu_order":0,"comment_status":"closed","ping_status":"closed","template":"","meta":{"footnotes":""},"class_list":["post-29","page","type-page","status-publish","hentry","post-preview"],"_links":{"self":[{"href":"https:\/\/obp.cat\/index.php\/wp-json\/wp\/v2\/pages\/29","targetHints":{"allow":["GET"]}}],"collection":[{"href":"https:\/\/obp.cat\/index.php\/wp-json\/wp\/v2\/pages"}],"about":[{"href":"https:\/\/obp.cat\/index.php\/wp-json\/wp\/v2\/types\/page"}],"author":[{"embeddable":true,"href":"https:\/\/obp.cat\/index.php\/wp-json\/wp\/v2\/users\/1"}],"replies":[{"embeddable":true,"href":"https:\/\/obp.cat\/index.php\/wp-json\/wp\/v2\/comments?post=29"}],"version-history":[{"count":6,"href":"https:\/\/obp.cat\/index.php\/wp-json\/wp\/v2\/pages\/29\/revisions"}],"predecessor-version":[{"id":156,"href":"https:\/\/obp.cat\/index.php\/wp-json\/wp\/v2\/pages\/29\/revisions\/156"}],"wp:attachment":[{"href":"https:\/\/obp.cat\/index.php\/wp-json\/wp\/v2\/media?parent=29"}],"curies":[{"name":"wp","href":"https:\/\/api.w.org\/{rel}","templated":true}]}}