{"id":16,"date":"2023-08-29T09:10:10","date_gmt":"2023-08-29T09:10:10","guid":{"rendered":"https:\/\/obp.cat\/wordpress\/?page_id=16"},"modified":"2024-04-12T08:02:24","modified_gmt":"2024-04-12T08:02:24","slug":"arxiu-musical-i-de-danses","status":"publish","type":"page","link":"https:\/\/obp.cat\/index.php\/arxiu-musical-i-de-danses\/","title":{"rendered":"Arxiu musical de danses i sardanes"},"content":{"rendered":"<p><strong>L&#8217;Obra disposa d&#8217;un arxiu de m\u00fasica \u00fanic a Catalunya. Desenes de danses catalanes, moltes d&#8217;elles instrumentades per a cobla pels millors compositors que ha donat el pa\u00eds aix\u00ed com sardanes i m\u00fasica per a cobla s\u00f3n un dels bens m\u00e9s preuats de la nostra instituci\u00f3.<\/strong><\/p>\n<p><strong>Tot el fons musical de particel\u00b7les i partitures sardanes i m\u00fasica per a cobla es troba dipositat a l&#8217;entitat Sabadellenca M\u00fasics per la cobla, que l&#8217;ha indexat i el mant\u00e9 a disposici\u00f3 de qui demani alguna composici\u00f3.<\/strong><\/p>\n<p><strong>Les partitures i particel\u00b7les de danses i balls tradicionals romanen f\u00edsicament a la Casa de la Sardana i es poden consultar en aquest enlla\u00e7 seg\u00fcent: <a href=\"https:\/\/obp.cat\/wp-content\/uploads\/2024\/04\/Partitures.xlsx\" target=\"_blank\" rel=\"noopener\">Partitures<\/a>. Estan a disposici\u00f3 de tothom que les necessiti contactant amb la secretaria de l&#8217;entitat. El preu per disposar d&#8217;una c\u00f2pia \u00e9s diferent si el demandant \u00e9s soci o no de l&#8217;OBP.<\/strong><\/p>\n<p>&nbsp;<\/p>\n<p>&nbsp;<\/p>\n","protected":false},"excerpt":{"rendered":"<p>L&#8217;Obra disposa d&#8217;un arxiu de m\u00fasica \u00fanic a Catalunya. Desenes de danses catalanes, moltes d&#8217;elles instrumentades per a cobla pels millors compositors que ha donat el pa\u00eds aix\u00ed com sardanes i m\u00fasica per a cobla s\u00f3n un dels bens m\u00e9s preuats de la nostra instituci\u00f3. Tot el fons musical de particel\u00b7les i partitures sardanes i [&hellip;]<\/p>\n","protected":false},"author":1,"featured_media":0,"parent":0,"menu_order":0,"comment_status":"closed","ping_status":"closed","template":"","meta":{"footnotes":""},"class_list":["post-16","page","type-page","status-publish","hentry","post-preview"],"_links":{"self":[{"href":"https:\/\/obp.cat\/index.php\/wp-json\/wp\/v2\/pages\/16","targetHints":{"allow":["GET"]}}],"collection":[{"href":"https:\/\/obp.cat\/index.php\/wp-json\/wp\/v2\/pages"}],"about":[{"href":"https:\/\/obp.cat\/index.php\/wp-json\/wp\/v2\/types\/page"}],"author":[{"embeddable":true,"href":"https:\/\/obp.cat\/index.php\/wp-json\/wp\/v2\/users\/1"}],"replies":[{"embeddable":true,"href":"https:\/\/obp.cat\/index.php\/wp-json\/wp\/v2\/comments?post=16"}],"version-history":[{"count":5,"href":"https:\/\/obp.cat\/index.php\/wp-json\/wp\/v2\/pages\/16\/revisions"}],"predecessor-version":[{"id":142,"href":"https:\/\/obp.cat\/index.php\/wp-json\/wp\/v2\/pages\/16\/revisions\/142"}],"wp:attachment":[{"href":"https:\/\/obp.cat\/index.php\/wp-json\/wp\/v2\/media?parent=16"}],"curies":[{"name":"wp","href":"https:\/\/api.w.org\/{rel}","templated":true}]}}