{"id":14,"date":"2023-08-29T09:09:53","date_gmt":"2023-08-29T09:09:53","guid":{"rendered":"https:\/\/obp.cat\/wordpress\/?page_id=14"},"modified":"2025-06-11T08:46:27","modified_gmt":"2025-06-11T08:46:27","slug":"entitats-membres","status":"publish","type":"page","link":"https:\/\/obp.cat\/index.php\/entitats-membres\/","title":{"rendered":"Entitats membres"},"content":{"rendered":"<p>La for\u00e7a d&#8217;una Federaci\u00f3 radica principalment en els seus associats. A continuaci\u00f3 es presenta la relaci\u00f3 d&#8217;esbarts dansaires, entitats sardanistes i altres associacions de cultura tradicional catalana que conformen la base social de l&#8217;Obra del Ballet Popular, la sostenen econ\u00f2micament i fan possible la seva vitalitat i ra\u00f3 de ser juntament amb moltes persones que creuen en la nostra ra\u00f3 de ser.<\/p>\n<p><strong>ESBARTS<\/strong><\/p>\n<p>ESBART MARAGALL D&#8217;ARENYS, ARENYS DE MAR<br \/>\nESBART CAD\u00cd, BAG\u00c0<br \/>\nESBART CATAL\u00c0 DE DANSAIRES, BARCELONA<br \/>\nESBART CIUTAT COMTAL, BARCELONA<br \/>\nESBART DANS. L&#8217;ORFEO GRACIENC, BARCELONA<br \/>\nESBART FOLKL\u00d2RIC D&#8217;HORTA, BARCELONA<br \/>\nESBART JOVENTUT NOSTRA, BARCELONA<br \/>\nESBART L&#8217;ESPIGA D&#8217;OR, BARCELONA<br \/>\nESBART L&#8217;ESTEL, BARCELONA<br \/>\nESBART ROSA DELS VENTS, VILANOVA DEL VALL\u00c8S<br \/>\nESBART SANT JORDI DEL FOMENT MARTINENC, BARCELONA<br \/>\nESBART DANSAIRE QUERALT, BERGA<br \/>\nESBART DANSAIRE DE CALAFELL<br \/>\nESBART DANSAIRE LA LLEVANTINA, CANET DE ROSSELL\u00d3<br \/>\nESBART DANSAIRE DE CASTELL\u00d3 D&#8217;EMP\u00daRIES<br \/>\nPICACRESTES, COLLA DANSAIRE DEL PRAT DE LLOBREGAT<br \/>\nESBART VILA D&#8217;ESPLUGUES<br \/>\nESBART MARBOLENY, LES PRESES<br \/>\nESBART MONITROL DANSAIRE, MONISTROL DE MONTSERRAT<br \/>\nESBART DANSAIRE RAMON D&#8217;OLZINA, VILA-SECA<br \/>\nESBART DANSAIRE DE RUB\u00cd<br \/>\nESBART SABADELL DANSAIRE, SABADELL<br \/>\nESBART SANT POL DE MAR<br \/>\nESBART EGARENC, TERRASSA<br \/>\nESBART DANSAIRE CASTELL DE TONA, TONA<br \/>\nCASAL CULTURAL DANSAIRES MANRESANS, MANRESA<\/p>\n<p><strong>AGRUPACIONS SARDANISTES<\/strong><\/p>\n<p>AGRUPACI\u00d3 SARDANISTA COSTA BRAVA, PALAM\u00d3S<br \/>\nAMICS DE LA SARDANA DEL C.E.P., SANTA COLOMA DE GRAMENET<br \/>\nAGRUPACI\u00d3 SARDANISTA I CULTURAL FLORICEL D&#8217;ANGL\u00c8S<br \/>\nBADALONA SARDANISTA<br \/>\nAGRUPACI\u00d3 SARDANISTA DE CALELLA<br \/>\nAGRUPACI\u00d3 SARDANISTA FLIX<br \/>\nAMICS DE LA SARDANA DE LA SEU D&#8217;URGELL<br \/>\nAGRUPACI\u00d3 SARDANISTA MALGRATENCA LA BARRETINA, MALGRAT DE MAR<br \/>\nAGRUPACI\u00d3 CULTURAL DEL BAGES, MANRESA<br \/>\nJOVENTUT SARDANISTA DE MARTORELLES<br \/>\nAGRUPACI\u00d3 SARDANISTA SANTA ANNA DE MATAR\u00d3<br \/>\nAGRUPACI\u00d3 CULTURAL FOLKL\u00d2RICA DE MOLINS DE REI<br \/>\nAGRUPUPACI\u00d3 SARDANISTA RIPOLL<br \/>\nAGRUPACI\u00d3 AMICS DE LA SARDANA DE SANT FELIU DE GU\u00cdXOLS<\/p>\n<p>FOMENT DE LA SARDANA DE BANYULS, BANYULS DE LA MARENDA<\/p>\n<p><strong>ALTRES ENTITATS<\/strong><\/p>\n<p>CASTELLERS DE BARCELONA<\/p>\n","protected":false},"excerpt":{"rendered":"<p>La for\u00e7a d&#8217;una Federaci\u00f3 radica principalment en els seus associats. A continuaci\u00f3 es presenta la relaci\u00f3 d&#8217;esbarts dansaires, entitats sardanistes i altres associacions de cultura tradicional catalana que conformen la base social de l&#8217;Obra del Ballet Popular, la sostenen econ\u00f2micament i fan possible la seva vitalitat i ra\u00f3 de ser juntament amb moltes persones que [&hellip;]<\/p>\n","protected":false},"author":1,"featured_media":0,"parent":0,"menu_order":0,"comment_status":"closed","ping_status":"closed","template":"","meta":{"footnotes":""},"class_list":["post-14","page","type-page","status-publish","hentry","post-preview"],"_links":{"self":[{"href":"https:\/\/obp.cat\/index.php\/wp-json\/wp\/v2\/pages\/14","targetHints":{"allow":["GET"]}}],"collection":[{"href":"https:\/\/obp.cat\/index.php\/wp-json\/wp\/v2\/pages"}],"about":[{"href":"https:\/\/obp.cat\/index.php\/wp-json\/wp\/v2\/types\/page"}],"author":[{"embeddable":true,"href":"https:\/\/obp.cat\/index.php\/wp-json\/wp\/v2\/users\/1"}],"replies":[{"embeddable":true,"href":"https:\/\/obp.cat\/index.php\/wp-json\/wp\/v2\/comments?post=14"}],"version-history":[{"count":7,"href":"https:\/\/obp.cat\/index.php\/wp-json\/wp\/v2\/pages\/14\/revisions"}],"predecessor-version":[{"id":217,"href":"https:\/\/obp.cat\/index.php\/wp-json\/wp\/v2\/pages\/14\/revisions\/217"}],"wp:attachment":[{"href":"https:\/\/obp.cat\/index.php\/wp-json\/wp\/v2\/media?parent=14"}],"curies":[{"name":"wp","href":"https:\/\/api.w.org\/{rel}","templated":true}]}}