{"id":12,"date":"2023-08-29T09:09:43","date_gmt":"2023-08-29T09:09:43","guid":{"rendered":"https:\/\/obp.cat\/wordpress\/?page_id=12"},"modified":"2025-10-15T15:22:28","modified_gmt":"2025-10-15T15:22:28","slug":"junta-directiva","status":"publish","type":"page","link":"https:\/\/obp.cat\/index.php\/junta-directiva\/","title":{"rendered":"Junta directiva"},"content":{"rendered":"<ul>\n<li>Joan G\u00f3mez i Soriano, president (Esbart Catal\u00e0 de Dansaires, Barcelona)<\/li>\n<li>Joan Bigas Avellaneda, vicepresident (Agrupaci\u00f3 Sardanista Malgratenca La Barretina, Malgrat de Mar)<\/li>\n<li>Jordi Torres i Grang\u00e9, secretari (Esbart Rosa dels Vents, Vilanova del Vall\u00e8s)<\/li>\n<li>Daniel Trullols Ruau, tresorer (Esbart Catal\u00e0 de Dansaires, Barcelona)<\/li>\n<li>Lloren\u00e7 Coll i Garcia, vocal (Esbart L\u2019Espiga d\u2019or, Barcelona)<\/li>\n<li>Montserrat Gili i Llort, vocal (Esbart Rosa dels Vents, Vilanova del Vall\u00e8s)<\/li>\n<li>Llu\u00efsa Nebot i Canudas, vocal (Esbart Rosa dels Vents, Vilanova del Vall\u00e8s)<\/li>\n<li>Rosa Botinas Estrada, vocal (Esbart L\u2019Estel, Barcelona)<\/li>\n<\/ul>\n","protected":false},"excerpt":{"rendered":"<p>Joan G\u00f3mez i Soriano, president (Esbart Catal\u00e0 de Dansaires, Barcelona) Joan Bigas Avellaneda, vicepresident (Agrupaci\u00f3 Sardanista Malgratenca La Barretina, Malgrat de Mar) Jordi Torres i Grang\u00e9, secretari (Esbart Rosa dels Vents, Vilanova del Vall\u00e8s) Daniel Trullols Ruau, tresorer (Esbart Catal\u00e0 de Dansaires, Barcelona) Lloren\u00e7 Coll i Garcia, vocal (Esbart L\u2019Espiga d\u2019or, Barcelona) Montserrat Gili i [&hellip;]<\/p>\n","protected":false},"author":1,"featured_media":0,"parent":0,"menu_order":0,"comment_status":"closed","ping_status":"closed","template":"","meta":{"footnotes":""},"class_list":["post-12","page","type-page","status-publish","hentry","post-preview"],"_links":{"self":[{"href":"https:\/\/obp.cat\/index.php\/wp-json\/wp\/v2\/pages\/12","targetHints":{"allow":["GET"]}}],"collection":[{"href":"https:\/\/obp.cat\/index.php\/wp-json\/wp\/v2\/pages"}],"about":[{"href":"https:\/\/obp.cat\/index.php\/wp-json\/wp\/v2\/types\/page"}],"author":[{"embeddable":true,"href":"https:\/\/obp.cat\/index.php\/wp-json\/wp\/v2\/users\/1"}],"replies":[{"embeddable":true,"href":"https:\/\/obp.cat\/index.php\/wp-json\/wp\/v2\/comments?post=12"}],"version-history":[{"count":4,"href":"https:\/\/obp.cat\/index.php\/wp-json\/wp\/v2\/pages\/12\/revisions"}],"predecessor-version":[{"id":69,"href":"https:\/\/obp.cat\/index.php\/wp-json\/wp\/v2\/pages\/12\/revisions\/69"}],"wp:attachment":[{"href":"https:\/\/obp.cat\/index.php\/wp-json\/wp\/v2\/media?parent=12"}],"curies":[{"name":"wp","href":"https:\/\/api.w.org\/{rel}","templated":true}]}}