{"id":10,"date":"2023-08-29T09:09:23","date_gmt":"2023-08-29T09:09:23","guid":{"rendered":"https:\/\/obp.cat\/wordpress\/?page_id=10"},"modified":"2023-12-20T18:02:22","modified_gmt":"2023-12-20T18:02:22","slug":"lobra","status":"publish","type":"page","link":"https:\/\/obp.cat\/index.php\/lobra\/","title":{"rendered":"L&#8217;Obra"},"content":{"rendered":"<p>L\u2019Obra del Ballet Popular \u00e9s una entitat capdavantera en la defensa de la cultura popular i en particular, de la dansa tradicional i la sardana en els darrers 70 anys. Avui dia,\u00a0 continua amb la tasca de representaci\u00f3 i foment de la dansa tradicional catalana, motiu pel qual t\u00e9 la Creu de Sant Jordi de la Generalitat de Catalunya.<\/p>\n<p>\u00c9s arrel de la sacsejada que signific\u00e0 la seva gaireb\u00e9 desaparici\u00f3, que se\u2019n va fer c\u00e0rrec un equip de gent disposada a donar-li una nova empenta, aportant noves idees, noves tasques que enriqueixin les possibilitats dels grups a l\u2019hora de recuperar, promocionar i donar a con\u00e8ixer aquesta branca de la cultura que ens defineix com a poble: la sardana i la dansa tradicional.<\/p>\n<p>L\u2019Obra del Ballet Popular \u00e9s una federaci\u00f3 d\u2019entitats que organitza cada any quatre grans activitats com s\u00f3n la Trobada sardanista a Montserrat per la tardor, l\u2019Aplec d\u2019Esbarts a Montserrat cada mes de maig i la Trobada d\u2019escoles de cobla, que es du a terme en aquella poblaci\u00f3 que \u00e9s Capital de la Sardana amb la intenci\u00f3 de fomentar nous m\u00fasics de cobla. Juntament amb l&#8217;Agrupament d&#8217;Esbarts Dansaires, convoca els Premis de la Dansa Catalana d&#8217;Arrel Tradicional.<\/p>\n<p>A part, l\u2019Obra ha encetat nous reptes en el sentit de treballar per la recuperaci\u00f3 i catalogaci\u00f3 de les festes populars, amb l\u2019objectiu de posar a l\u2019abast dels que hi estiguin interessats el m\u00e0xim de documentaci\u00f3, principalment el magne arxiu de danses tradicionals, a disposici\u00f3 de totes les entitats s\u00f2cies i estudiosos.<\/p>\n<p>\u00c9s membre de la Confederaci\u00f3 Sardanista de Catalunya i de la Coordinadora de Centres d&#8217;Estudis dels territoris de parla catalana i t\u00e9 la seu a la Casa de la Sardana, a Barcelona.<\/p>\n<p><img loading=\"lazy\" decoding=\"async\" class=\"alignnone wp-image-74 size-full\" src=\"https:\/\/obp.cat\/wordpress\/wp-content\/uploads\/2023\/12\/309166974_463999549103672_3853664846292736347_n.png\" alt=\"\" width=\"820\" height=\"312\" srcset=\"https:\/\/obp.cat\/wp-content\/uploads\/2023\/12\/309166974_463999549103672_3853664846292736347_n.png 820w, https:\/\/obp.cat\/wp-content\/uploads\/2023\/12\/309166974_463999549103672_3853664846292736347_n-300x114.png 300w, https:\/\/obp.cat\/wp-content\/uploads\/2023\/12\/309166974_463999549103672_3853664846292736347_n-768x292.png 768w, https:\/\/obp.cat\/wp-content\/uploads\/2023\/12\/309166974_463999549103672_3853664846292736347_n-500x190.png 500w\" sizes=\"auto, (max-width: 820px) 100vw, 820px\" \/><\/p>\n","protected":false},"excerpt":{"rendered":"<p>L\u2019Obra del Ballet Popular \u00e9s una entitat capdavantera en la defensa de la cultura popular i en particular, de la dansa tradicional i la sardana en els darrers 70 anys. Avui dia,\u00a0 continua amb la tasca de representaci\u00f3 i foment de la dansa tradicional catalana, motiu pel qual t\u00e9 la Creu de Sant Jordi de [&hellip;]<\/p>\n","protected":false},"author":1,"featured_media":0,"parent":0,"menu_order":0,"comment_status":"closed","ping_status":"closed","template":"","meta":{"footnotes":""},"class_list":["post-10","page","type-page","status-publish","hentry","post-preview"],"_links":{"self":[{"href":"https:\/\/obp.cat\/index.php\/wp-json\/wp\/v2\/pages\/10","targetHints":{"allow":["GET"]}}],"collection":[{"href":"https:\/\/obp.cat\/index.php\/wp-json\/wp\/v2\/pages"}],"about":[{"href":"https:\/\/obp.cat\/index.php\/wp-json\/wp\/v2\/types\/page"}],"author":[{"embeddable":true,"href":"https:\/\/obp.cat\/index.php\/wp-json\/wp\/v2\/users\/1"}],"replies":[{"embeddable":true,"href":"https:\/\/obp.cat\/index.php\/wp-json\/wp\/v2\/comments?post=10"}],"version-history":[{"count":7,"href":"https:\/\/obp.cat\/index.php\/wp-json\/wp\/v2\/pages\/10\/revisions"}],"predecessor-version":[{"id":112,"href":"https:\/\/obp.cat\/index.php\/wp-json\/wp\/v2\/pages\/10\/revisions\/112"}],"wp:attachment":[{"href":"https:\/\/obp.cat\/index.php\/wp-json\/wp\/v2\/media?parent=10"}],"curies":[{"name":"wp","href":"https:\/\/api.w.org\/{rel}","templated":true}]}}